{"id":34,"date":"2020-08-28T10:23:26","date_gmt":"2020-08-28T10:23:26","guid":{"rendered":"https:\/\/www.kenshouniquestay.com\/?page_id=34"},"modified":"2023-03-28T11:16:57","modified_gmt":"2023-03-28T09:16:57","slug":"book","status":"publish","type":"page","link":"https:\/\/www.kenshostay.com\/ee\/book\/","title":{"rendered":"Booking"},"content":{"rendered":"<div class=\"wpb-content-wrapper\"><div data-vc-parallax=\"1.5\" data-vc-parallax-image=\"https:\/\/www.kenshostay.com\/wp-content\/uploads\/2020\/09\/kensho_south-scaled.jpg\" data-parallax-bg-image=\"https:\/\/www.kenshostay.com\/wp-content\/uploads\/2020\/09\/kensho_south-scaled.jpg\" data-parallax-bg-speed=\"1\" class=\"vc_row wpb_row vc_row-fluid vc_row-has-fill vc_row-o-full-height vc_row-o-columns-middle vc_row-flex vc_general vc_parallax vc_parallax-content-moving mkdf-parallax-row-holder mkdf-content-aligment-center\" ><div class=\"wpb_column vc_column_container vc_col-sm-12\"><div class=\"vc_column-inner\"><div class=\"wpb_wrapper\"><div class=\"mkdf-elements-holder   mkdf-one-column  mkdf-responsive-mode-768\" ><div class=\"mkdf-eh-item   mkdf-horizontal-alignment-center\"  data-item-class=\"mkdf-eh-custom-6937\" data-1280-1600=\"15% 0 13.5%\" data-1024-1280=\"14% 0 11.5%\" data-768-1024=\"19% 0%\" data-680-768=\"46% 0%\" data-680=\"60% 0%\">\n\t<div class=\"mkdf-eh-item-inner\">\n\t\t<div class=\"mkdf-eh-item-content mkdf-eh-custom-6937\" style=\"padding: 20.5% 0 0\">\n\t\t\t\n\t<div class=\"wpb_raw_code wpb_raw_html wpb_content_element\" >\n\t\t<div class=\"wpb_wrapper\">\n\t\t\t<div class=\"mkdf-property-info-text-holder mkdf-light-skin\">\n                <div class=\"mkdf-property-info-text-item\">\n\n                    <div class=\"mkdf-pit-title-holder\">\n                        <div itemprop=\"name\" class=\"mkdf-pit-title entry-title\" style=\"text-transform: uppercase\">Tule ja \u00fcmbritse end loodusega<\/div>\n                    <\/div>\n                <\/div>\n            <\/div>\n            <\/div>\n\t\t<\/div>\n\t<\/div>\n\t\t<\/div>\n\t<\/div>\n<\/div><\/div><\/div><\/div><\/div><\/div><div class=\"vc_row wpb_row vc_row-fluid mkdf-content-aligment-center\" ><div class=\"wpb_column vc_column_container vc_col-sm-12\"><div class=\"vc_column-inner\"><div class=\"wpb_wrapper\"><div class=\"mkdf-elements-holder   mkdf-one-column  mkdf-responsive-mode-768\" ><div class=\"mkdf-eh-item\"  data-item-class=\"mkdf-eh-custom-2953\">\n\t<div class=\"mkdf-eh-item-inner\">\n\t\t<div class=\"mkdf-eh-item-content mkdf-eh-custom-2953\" style=\"padding: 0 13%\">\n\t\t\t<div class=\"vc_empty_space\"   style=\"height: 60px\"><span class=\"vc_empty_space_inner\"><\/span><\/div><div class=\"mkdf-section-title-holder  mkdf-st-standard mkdf-st-title-left mkdf-st-normal-space\" style=\"text-align: center\">\n\t<div class=\"mkdf-st-inner\">\n                    <h6 class=\"mkdf-st-subtitle\" >\n                KENSH\u00d3 STAY            <\/h6>\n        \t\t\t\t\t<h1 class=\"mkdf-st-title\" >\n\t\t\t\tBroneeri oma elamus kohe\t\t\t<\/h1>\n\t\t        <div class=\"mkdf-svg-separator-holder mkdf-svg-separator-small\">\n    <div class=\"mkdf-svg-separator mkdf-svg-frames-class\" data-svg-frames=\"15\" data-svg-drawing=\"yes\" >\n        <svg version=\"1.1\"  id=\"layer_383\" xmlns=\"http:\/\/www.w3.org\/2000\/svg\" xmlns:xlink=\"http:\/\/www.w3.org\/1999\/xlink\" x=\"0px\" y=\"0px\"\n             width=\"65.167px\" height=\"11.917px\" viewbox=\"0 0 65.167 11.917\" enable-background=\"new 0 0 65.167 11.917\" xml:space=\"preserve\">\n            <path fill=\"none\" stroke=\"#010101\" stroke-width=\"1\" stroke-miterlimit=\"3\" d=\"M1.045,9.833 9.295,2.083 17.295,9.833            24.295,2.083 32.291,9.833 39.294,2.083 47.294,9.833 54.294,2.083 64.287,9.833 \"\/>\n        <\/svg>\n    <\/div>\n<\/div>\t\t\t<\/div>\n<\/div><div class=\"vc_empty_space\"   style=\"height: 10px\"><span class=\"vc_empty_space_inner\"><\/span><\/div>\n\t<div class=\"wpb_text_column wpb_content_element\" >\n\t\t<div class=\"wpb_wrapper\">\n\t\t\t<p style=\"text-align: center;\">\u00dcmbritse end loodusega. Meie majad asuvad hoolikalt valitud ja erilistes paikades \u00fcle Eesti. Vali endale sobilik asukoht, v\u00f5ta aeg maha ja naudi meie mugavusi. Imetle, kuidas loodus tervitab ja maailm m\u00f6\u00f6dub!<\/p>\n<p style=\"text-align: center;\">NB! Kui soovid tasuda kinkekaardiga, palun leia endale kalendrist sobilikud kuup\u00e4evad ja kirjuta meile kiri <a href=\"mailto:info@kenshostay.com\">info@kenshostay.com<\/a><\/p>\n\n\t\t<\/div>\n\t<\/div>\n<div class=\"vc_empty_space\"   style=\"height: 10px\"><span class=\"vc_empty_space_inner\"><\/span><\/div><div class=\"vc_message_box vc_message_box-standard vc_message_box-rounded vc_color-alert-success vc_do_message\" ><div class=\"vc_message_box-icon\"><i class=\"fas fa-info-circle\"><\/i><\/div><p><em>Luba endale 3 \u00f6\u00f6d puhkust ja me maksame 1 \u00f6\u00f6 sinu eest. Tead k\u00fcll &#8211; saad 3, maksad 2 eest. V\u00f5ta aega endale!<\/em><\/p>\n<p><em><strong>South: Kahekesi tulles ja 3 \u00f6\u00f6ks j\u00e4\u00e4des on \u00fche \u00f6\u00f6 hind inimese kohta alates \u20ac31.<\/strong><\/em><\/p>\n<p><em><strong>Esivere: Kahekesi tulles ja 3 \u00f6\u00f6ks j\u00e4\u00e4des on \u00fche \u00f6\u00f6 hind inimese kohta alates \u20ac42.<\/strong><\/em><\/p>\n<p><em>Take the extra day for yourself and stay 3 nights for the price of 2.<\/em><\/p>\n<\/div>\t\t<\/div>\n\t<\/div>\n<\/div><\/div>\n\t<div class=\"wpb_raw_code wpb_raw_html wpb_content_element\" >\n\t\t<div class=\"wpb_wrapper\">\n\t\t\t<div id=\"apartmentIframeAll\">\n<script type=\"text\/javascript\" src=\"https:\/\/login.smoobu.com\/js\/Settings\/BookingToolIframe.js\"><\/script>\n<script>BookingToolIframe.initialize({\"url\": \"https:\/\/login.smoobu.com\/de\/booking-tool\/iframe\/153534\", \"baseUrl\": \"https:\/\/login.smoobu.com\", \"target\": \"#apartmentIframeAll\"})<\/script>\n<\/div>\n\t\t<\/div>\n\t<\/div>\n<\/div><\/div><\/div><\/div><div class=\"wpb_column vc_column_container vc_col-sm-12\"><div class=\"vc_column-inner\"><div class=\"wpb_wrapper\"><\/div><\/div><\/div><div class=\"vc_row wpb_row vc_row-fluid\" ><div class=\"wpb_column vc_column_container vc_col-sm-12\"><div class=\"vc_column-inner\"><div class=\"wpb_wrapper\"><div class=\"mkdf-testimonials-holder mkdf-testimonials-standard  mkdf-navigation-top mkdf-tb-two-columns clearfix\"><div class=\"mkdf-testimonials\" data-number-of-items=\"1\" data-enable-loop=\"yes\" data-type=\"standard\" data-enable-autoplay=\"yes\" data-slider-speed=\"5000\" data-slider-speed-animation=\"600\" data-enable-navigation=\"yes\" data-enable-pagination=\"yes\"><div class=\"mkdf-testimonial-content\" id=\"mkdf-testimonials-172\">\n\t<div class=\"mkdf-testimonial-text-holder\">\n                    <div class=\"mkdf-testimonial-image\">\n                <img loading=\"lazy\" decoding=\"async\" width=\"66\" height=\"66\" src=\"https:\/\/www.kenshostay.com\/wp-content\/uploads\/2020\/08\/Kensho_logo_black2-100x100.png\" class=\"attachment-66x66 size-66x66 wp-post-image\" alt=\"\" srcset=\"https:\/\/www.kenshostay.com\/wp-content\/uploads\/2020\/08\/Kensho_logo_black2-100x100.png 100w, https:\/\/www.kenshostay.com\/wp-content\/uploads\/2020\/08\/Kensho_logo_black2-300x300.png 300w, https:\/\/www.kenshostay.com\/wp-content\/uploads\/2020\/08\/Kensho_logo_black2-150x150.png 150w, https:\/\/www.kenshostay.com\/wp-content\/uploads\/2020\/08\/Kensho_logo_black2-768x768.png 768w, https:\/\/www.kenshostay.com\/wp-content\/uploads\/2020\/08\/Kensho_logo_black2-550x550.png 550w, https:\/\/www.kenshostay.com\/wp-content\/uploads\/2020\/08\/Kensho_logo_black2-600x600.png 600w, https:\/\/www.kenshostay.com\/wp-content\/uploads\/2020\/08\/Kensho_logo_black2.png 920w\" sizes=\"auto, (max-width: 66px) 100vw, 66px\" \/>            <\/div>\n        \t\t\t\t\t<p class=\"mkdf-testimonial-text\">\"Mulle meeldis see koht lihtsalt nii v\u00e4ga!!\"<\/p>\n\t\t\t\t\t\t\t<h5 class=\"mkdf-testimonial-author\">\n\t\t\t\t<span class=\"mkdf-testimonials-author-name\">Maarja (Kensh\u00f3 Rae)<\/span>\n\t\t\t\t\t\t\t<\/h5>\n\t\t\t<\/div>\n<\/div><div class=\"mkdf-testimonial-content\" id=\"mkdf-testimonials-171\">\n\t<div class=\"mkdf-testimonial-text-holder\">\n                    <div class=\"mkdf-testimonial-image\">\n                <img loading=\"lazy\" decoding=\"async\" width=\"66\" height=\"66\" src=\"https:\/\/www.kenshostay.com\/wp-content\/uploads\/2020\/08\/Kensho_logo_black2-100x100.png\" class=\"attachment-66x66 size-66x66 wp-post-image\" alt=\"\" srcset=\"https:\/\/www.kenshostay.com\/wp-content\/uploads\/2020\/08\/Kensho_logo_black2-100x100.png 100w, https:\/\/www.kenshostay.com\/wp-content\/uploads\/2020\/08\/Kensho_logo_black2-300x300.png 300w, https:\/\/www.kenshostay.com\/wp-content\/uploads\/2020\/08\/Kensho_logo_black2-150x150.png 150w, https:\/\/www.kenshostay.com\/wp-content\/uploads\/2020\/08\/Kensho_logo_black2-768x768.png 768w, https:\/\/www.kenshostay.com\/wp-content\/uploads\/2020\/08\/Kensho_logo_black2-550x550.png 550w, https:\/\/www.kenshostay.com\/wp-content\/uploads\/2020\/08\/Kensho_logo_black2-600x600.png 600w, https:\/\/www.kenshostay.com\/wp-content\/uploads\/2020\/08\/Kensho_logo_black2.png 920w\" sizes=\"auto, (max-width: 66px) 100vw, 66px\" \/>            <\/div>\n        \t\t\t\t\t<p class=\"mkdf-testimonial-text\">\"Maja oli v\u00e4ga puhas, stiilne ja mugav. Asukoht oli t\u00e4iesti imeline, nii vaikne ja rahulik - ideaalne puhkuseks keset loodust.\"<\/p>\n\t\t\t\t\t\t\t<h5 class=\"mkdf-testimonial-author\">\n\t\t\t\t<span class=\"mkdf-testimonials-author-name\">Laura (Kensh\u00f3 South)<\/span>\n\t\t\t\t\t\t\t<\/h5>\n\t\t\t<\/div>\n<\/div><div class=\"mkdf-testimonial-content\" id=\"mkdf-testimonials-155\">\n\t<div class=\"mkdf-testimonial-text-holder\">\n                    <div class=\"mkdf-testimonial-image\">\n                <img loading=\"lazy\" decoding=\"async\" width=\"66\" height=\"66\" src=\"https:\/\/www.kenshostay.com\/wp-content\/uploads\/2020\/08\/Kensho_logo_black2-100x100.png\" class=\"attachment-66x66 size-66x66 wp-post-image\" alt=\"\" srcset=\"https:\/\/www.kenshostay.com\/wp-content\/uploads\/2020\/08\/Kensho_logo_black2-100x100.png 100w, https:\/\/www.kenshostay.com\/wp-content\/uploads\/2020\/08\/Kensho_logo_black2-300x300.png 300w, https:\/\/www.kenshostay.com\/wp-content\/uploads\/2020\/08\/Kensho_logo_black2-150x150.png 150w, https:\/\/www.kenshostay.com\/wp-content\/uploads\/2020\/08\/Kensho_logo_black2-768x768.png 768w, https:\/\/www.kenshostay.com\/wp-content\/uploads\/2020\/08\/Kensho_logo_black2-550x550.png 550w, https:\/\/www.kenshostay.com\/wp-content\/uploads\/2020\/08\/Kensho_logo_black2-600x600.png 600w, https:\/\/www.kenshostay.com\/wp-content\/uploads\/2020\/08\/Kensho_logo_black2.png 920w\" sizes=\"auto, (max-width: 66px) 100vw, 66px\" \/>            <\/div>\n        \t\t\t\t\t<p class=\"mkdf-testimonial-text\">\"Ideaalne koht mitte ainult golfiarmastajatele, vaid ka teistele. V\u00e4ikemaja asus s\u00f5na otseses m\u00f5ttes golfiradade k\u00f5rval. Lihtsalt \u00e4rka \u00fcles ja mine m\u00e4ngima!\"<\/p>\n\t\t\t\t\t\t\t<h5 class=\"mkdf-testimonial-author\">\n\t\t\t\t<span class=\"mkdf-testimonials-author-name\">Eva (Kensh\u00f3 Rae)<\/span>\n\t\t\t\t\t\t\t<\/h5>\n\t\t\t<\/div>\n<\/div><div class=\"mkdf-testimonial-content\" id=\"mkdf-testimonials-154\">\n\t<div class=\"mkdf-testimonial-text-holder\">\n                    <div class=\"mkdf-testimonial-image\">\n                <img loading=\"lazy\" decoding=\"async\" width=\"66\" height=\"66\" src=\"https:\/\/www.kenshostay.com\/wp-content\/uploads\/2020\/08\/Kensho_logo_black2-100x100.png\" class=\"attachment-66x66 size-66x66 wp-post-image\" alt=\"\" srcset=\"https:\/\/www.kenshostay.com\/wp-content\/uploads\/2020\/08\/Kensho_logo_black2-100x100.png 100w, https:\/\/www.kenshostay.com\/wp-content\/uploads\/2020\/08\/Kensho_logo_black2-300x300.png 300w, https:\/\/www.kenshostay.com\/wp-content\/uploads\/2020\/08\/Kensho_logo_black2-150x150.png 150w, https:\/\/www.kenshostay.com\/wp-content\/uploads\/2020\/08\/Kensho_logo_black2-768x768.png 768w, https:\/\/www.kenshostay.com\/wp-content\/uploads\/2020\/08\/Kensho_logo_black2-550x550.png 550w, https:\/\/www.kenshostay.com\/wp-content\/uploads\/2020\/08\/Kensho_logo_black2-600x600.png 600w, https:\/\/www.kenshostay.com\/wp-content\/uploads\/2020\/08\/Kensho_logo_black2.png 920w\" sizes=\"auto, (max-width: 66px) 100vw, 66px\" \/>            <\/div>\n        \t\t\t\t\t<p class=\"mkdf-testimonial-text\">\"V\u00e4ga m\u00f5nus asukoht, kus saad t\u00e4itsa segamata olla ja nautida aega iseendale. M\u00f5nusalt hubane olemine ja k\u00f5ik oli ilusti puhas. L\u00e4hen kindlasti veel tagasi ja soovitan ka tuttavatele!\"<\/p>\n\t\t\t\t\t\t\t<h5 class=\"mkdf-testimonial-author\">\n\t\t\t\t<span class=\"mkdf-testimonials-author-name\">Christine (Kensh\u00f3 South)<\/span>\n\t\t\t\t\t\t\t<\/h5>\n\t\t\t<\/div>\n<\/div><div class=\"mkdf-testimonial-content\" id=\"mkdf-testimonials-130\">\n\t<div class=\"mkdf-testimonial-text-holder\">\n                    <div class=\"mkdf-testimonial-image\">\n                <img loading=\"lazy\" decoding=\"async\" width=\"66\" height=\"66\" src=\"https:\/\/www.kenshostay.com\/wp-content\/uploads\/2020\/08\/Kensho_logo_black2-100x100.png\" class=\"attachment-66x66 size-66x66 wp-post-image\" alt=\"\" srcset=\"https:\/\/www.kenshostay.com\/wp-content\/uploads\/2020\/08\/Kensho_logo_black2-100x100.png 100w, https:\/\/www.kenshostay.com\/wp-content\/uploads\/2020\/08\/Kensho_logo_black2-300x300.png 300w, https:\/\/www.kenshostay.com\/wp-content\/uploads\/2020\/08\/Kensho_logo_black2-150x150.png 150w, https:\/\/www.kenshostay.com\/wp-content\/uploads\/2020\/08\/Kensho_logo_black2-768x768.png 768w, https:\/\/www.kenshostay.com\/wp-content\/uploads\/2020\/08\/Kensho_logo_black2-550x550.png 550w, https:\/\/www.kenshostay.com\/wp-content\/uploads\/2020\/08\/Kensho_logo_black2-600x600.png 600w, https:\/\/www.kenshostay.com\/wp-content\/uploads\/2020\/08\/Kensho_logo_black2.png 920w\" sizes=\"auto, (max-width: 66px) 100vw, 66px\" \/>            <\/div>\n        \t\t\t\t\t<p class=\"mkdf-testimonial-text\">\"Kui keegi soovib v\u00f5tta lihtsalt aega maha ja nautida loodust, siis sinna peab kindlasti minema! Asukoht, maja ja k\u00f5ik selle \u00fcmber oli lihtsalt ideaalne enda v\u00e4ljal\u00fclitamiseks kiirest elust. L\u00e4hen kindlasti kunagi uuesti!\"<\/p>\n\t\t\t\t\t\t\t<h5 class=\"mkdf-testimonial-author\">\n\t\t\t\t<span class=\"mkdf-testimonials-author-name\">Marit (Kensh\u00f3 South)<\/span>\n\t\t\t\t\t\t\t<\/h5>\n\t\t\t<\/div>\n<\/div><\/div><\/div><\/div><\/div><\/div><\/div>\n<\/div>","protected":false},"excerpt":{"rendered":"","protected":false},"author":1,"featured_media":0,"parent":0,"menu_order":0,"comment_status":"closed","ping_status":"closed","template":"full-width.php","meta":{"footnotes":""},"class_list":["post-34","page","type-page","status-publish","hentry"],"yoast_head":"<!-- This site is optimized with the Yoast SEO plugin v27.5 - https:\/\/yoast.com\/product\/yoast-seo-wordpress\/ -->\n<title>Book your unique experience now - Kensh\u00f3 Stay<\/title>\n<meta name=\"robots\" content=\"index, follow, max-snippet:-1, max-image-preview:large, max-video-preview:-1\" \/>\n<link rel=\"canonical\" href=\"https:\/\/www.kenshostay.com\/ee\/book\/\" \/>\n<meta property=\"og:locale\" content=\"et_EE\" \/>\n<meta property=\"og:type\" content=\"article\" \/>\n<meta property=\"og:title\" content=\"Book your unique experience now - Kensh\u00f3 Stay\" \/>\n<meta property=\"og:url\" content=\"https:\/\/www.kenshostay.com\/ee\/book\/\" \/>\n<meta property=\"og:site_name\" content=\"Kensh\u00f3 Stay\" \/>\n<meta property=\"article:modified_time\" content=\"2023-03-28T09:16:57+00:00\" \/>\n<meta name=\"twitter:card\" content=\"summary_large_image\" \/>\n<meta name=\"twitter:label1\" content=\"Est. reading time\" \/>\n\t<meta name=\"twitter:data1\" content=\"1 minut\" \/>\n<script type=\"application\/ld+json\" class=\"yoast-schema-graph\">{\"@context\":\"https:\\\/\\\/schema.org\",\"@graph\":[{\"@type\":\"WebPage\",\"@id\":\"https:\\\/\\\/www.kenshostay.com\\\/book\\\/\",\"url\":\"https:\\\/\\\/www.kenshostay.com\\\/book\\\/\",\"name\":\"Book your unique experience now - Kensh\u00f3 Stay\",\"isPartOf\":{\"@id\":\"https:\\\/\\\/www.kenshostay.com\\\/#website\"},\"datePublished\":\"2020-08-28T10:23:26+00:00\",\"dateModified\":\"2023-03-28T09:16:57+00:00\",\"breadcrumb\":{\"@id\":\"https:\\\/\\\/www.kenshostay.com\\\/book\\\/#breadcrumb\"},\"inLanguage\":\"et\",\"potentialAction\":[{\"@type\":\"ReadAction\",\"target\":[\"https:\\\/\\\/www.kenshostay.com\\\/book\\\/\"]}]},{\"@type\":\"BreadcrumbList\",\"@id\":\"https:\\\/\\\/www.kenshostay.com\\\/book\\\/#breadcrumb\",\"itemListElement\":[{\"@type\":\"ListItem\",\"position\":1,\"name\":\"Home\",\"item\":\"https:\\\/\\\/www.kenshostay.com\\\/\"},{\"@type\":\"ListItem\",\"position\":2,\"name\":\"Booking\"}]},{\"@type\":\"WebSite\",\"@id\":\"https:\\\/\\\/www.kenshostay.com\\\/#website\",\"url\":\"https:\\\/\\\/www.kenshostay.com\\\/\",\"name\":\"Kensh\u00f3 Stay\",\"description\":\"An experience that you won&#039;t forget\",\"publisher\":{\"@id\":\"https:\\\/\\\/www.kenshostay.com\\\/#organization\"},\"potentialAction\":[{\"@type\":\"SearchAction\",\"target\":{\"@type\":\"EntryPoint\",\"urlTemplate\":\"https:\\\/\\\/www.kenshostay.com\\\/?s={search_term_string}\"},\"query-input\":{\"@type\":\"PropertyValueSpecification\",\"valueRequired\":true,\"valueName\":\"search_term_string\"}}],\"inLanguage\":\"et\"},{\"@type\":\"Organization\",\"@id\":\"https:\\\/\\\/www.kenshostay.com\\\/#organization\",\"name\":\"Intoku O\u00dc\",\"url\":\"https:\\\/\\\/www.kenshostay.com\\\/\",\"logo\":{\"@type\":\"ImageObject\",\"inLanguage\":\"et\",\"@id\":\"https:\\\/\\\/www.kenshostay.com\\\/#\\\/schema\\\/logo\\\/image\\\/\",\"url\":\"https:\\\/\\\/www.kenshostay.com\\\/wp-content\\\/uploads\\\/2020\\\/09\\\/Kensho_logo_black_100.png\",\"contentUrl\":\"https:\\\/\\\/www.kenshostay.com\\\/wp-content\\\/uploads\\\/2020\\\/09\\\/Kensho_logo_black_100.png\",\"width\":200,\"height\":200,\"caption\":\"Intoku O\u00dc\"},\"image\":{\"@id\":\"https:\\\/\\\/www.kenshostay.com\\\/#\\\/schema\\\/logo\\\/image\\\/\"}}]}<\/script>\n<!-- \/ Yoast SEO plugin. -->","yoast_head_json":{"title":"Book your unique experience now - Kensh\u00f3 Stay","robots":{"index":"index","follow":"follow","max-snippet":"max-snippet:-1","max-image-preview":"max-image-preview:large","max-video-preview":"max-video-preview:-1"},"canonical":"https:\/\/www.kenshostay.com\/ee\/book\/","og_locale":"et_EE","og_type":"article","og_title":"Book your unique experience now - Kensh\u00f3 Stay","og_url":"https:\/\/www.kenshostay.com\/ee\/book\/","og_site_name":"Kensh\u00f3 Stay","article_modified_time":"2023-03-28T09:16:57+00:00","twitter_card":"summary_large_image","twitter_misc":{"Est. reading time":"1 minut"},"schema":{"@context":"https:\/\/schema.org","@graph":[{"@type":"WebPage","@id":"https:\/\/www.kenshostay.com\/book\/","url":"https:\/\/www.kenshostay.com\/book\/","name":"Book your unique experience now - Kensh\u00f3 Stay","isPartOf":{"@id":"https:\/\/www.kenshostay.com\/#website"},"datePublished":"2020-08-28T10:23:26+00:00","dateModified":"2023-03-28T09:16:57+00:00","breadcrumb":{"@id":"https:\/\/www.kenshostay.com\/book\/#breadcrumb"},"inLanguage":"et","potentialAction":[{"@type":"ReadAction","target":["https:\/\/www.kenshostay.com\/book\/"]}]},{"@type":"BreadcrumbList","@id":"https:\/\/www.kenshostay.com\/book\/#breadcrumb","itemListElement":[{"@type":"ListItem","position":1,"name":"Home","item":"https:\/\/www.kenshostay.com\/"},{"@type":"ListItem","position":2,"name":"Booking"}]},{"@type":"WebSite","@id":"https:\/\/www.kenshostay.com\/#website","url":"https:\/\/www.kenshostay.com\/","name":"Kensh\u00f3 Stay","description":"An experience that you won&#039;t forget","publisher":{"@id":"https:\/\/www.kenshostay.com\/#organization"},"potentialAction":[{"@type":"SearchAction","target":{"@type":"EntryPoint","urlTemplate":"https:\/\/www.kenshostay.com\/?s={search_term_string}"},"query-input":{"@type":"PropertyValueSpecification","valueRequired":true,"valueName":"search_term_string"}}],"inLanguage":"et"},{"@type":"Organization","@id":"https:\/\/www.kenshostay.com\/#organization","name":"Intoku O\u00dc","url":"https:\/\/www.kenshostay.com\/","logo":{"@type":"ImageObject","inLanguage":"et","@id":"https:\/\/www.kenshostay.com\/#\/schema\/logo\/image\/","url":"https:\/\/www.kenshostay.com\/wp-content\/uploads\/2020\/09\/Kensho_logo_black_100.png","contentUrl":"https:\/\/www.kenshostay.com\/wp-content\/uploads\/2020\/09\/Kensho_logo_black_100.png","width":200,"height":200,"caption":"Intoku O\u00dc"},"image":{"@id":"https:\/\/www.kenshostay.com\/#\/schema\/logo\/image\/"}}]}},"_links":{"self":[{"href":"https:\/\/www.kenshostay.com\/ee\/wp-json\/wp\/v2\/pages\/34","targetHints":{"allow":["GET"]}}],"collection":[{"href":"https:\/\/www.kenshostay.com\/ee\/wp-json\/wp\/v2\/pages"}],"about":[{"href":"https:\/\/www.kenshostay.com\/ee\/wp-json\/wp\/v2\/types\/page"}],"author":[{"embeddable":true,"href":"https:\/\/www.kenshostay.com\/ee\/wp-json\/wp\/v2\/users\/1"}],"replies":[{"embeddable":true,"href":"https:\/\/www.kenshostay.com\/ee\/wp-json\/wp\/v2\/comments?post=34"}],"version-history":[{"count":29,"href":"https:\/\/www.kenshostay.com\/ee\/wp-json\/wp\/v2\/pages\/34\/revisions"}],"predecessor-version":[{"id":591,"href":"https:\/\/www.kenshostay.com\/ee\/wp-json\/wp\/v2\/pages\/34\/revisions\/591"}],"wp:attachment":[{"href":"https:\/\/www.kenshostay.com\/ee\/wp-json\/wp\/v2\/media?parent=34"}],"curies":[{"name":"wp","href":"https:\/\/api.w.org\/{rel}","templated":true}]}}